{"id":38,"date":"2022-03-09T22:47:46","date_gmt":"2022-03-09T22:47:46","guid":{"rendered":"https:\/\/worldvision.org.ni\/reddeaprendizaje\/2022\/03\/09\/login\/"},"modified":"2022-03-09T22:47:47","modified_gmt":"2022-03-09T22:47:47","slug":"login","status":"publish","type":"page","link":"https:\/\/worldvision.org.ni\/reddeaprendizaje\/login\/","title":{"rendered":"Login"},"content":{"rendered":"","protected":false},"excerpt":{"rendered":"","protected":false},"author":1,"featured_media":0,"parent":0,"menu_order":0,"comment_status":"closed","ping_status":"open","template":"","meta":{"nf_dc_page":"","om_disable_all_campaigns":false,"footnotes":""},"class_list":["post-38","page","type-page","status-publish","hentry"],"yoast_head":"<!-- This site is optimized with the Yoast SEO plugin v27.5 - https:\/\/yoast.com\/product\/yoast-seo-wordpress\/ -->\n<title>Login - Red de aprendizaje Unlock Literacy<\/title>\n<meta name=\"robots\" content=\"index, follow, max-snippet:-1, max-image-preview:large, max-video-preview:-1\" \/>\n<link rel=\"canonical\" href=\"https:\/\/worldvision.org.ni\/reddeaprendizaje\/login\/\" class=\"yoast-seo-meta-tag\" \/>\n<meta property=\"og:locale\" content=\"es_ES\" class=\"yoast-seo-meta-tag\" \/>\n<meta property=\"og:type\" content=\"article\" class=\"yoast-seo-meta-tag\" \/>\n<meta property=\"og:title\" content=\"Login - Red de aprendizaje Unlock Literacy\" class=\"yoast-seo-meta-tag\" \/>\n<meta property=\"og:url\" content=\"https:\/\/worldvision.org.ni\/reddeaprendizaje\/login\/\" class=\"yoast-seo-meta-tag\" \/>\n<meta property=\"og:site_name\" content=\"Red de aprendizaje Unlock Literacy\" class=\"yoast-seo-meta-tag\" \/>\n<meta property=\"article:modified_time\" content=\"2022-03-09T22:47:47+00:00\" class=\"yoast-seo-meta-tag\" \/>\n<meta name=\"twitter:card\" content=\"summary_large_image\" class=\"yoast-seo-meta-tag\" \/>\n<script type=\"application\/ld+json\" class=\"yoast-schema-graph\">{\"@context\":\"https:\\\/\\\/schema.org\",\"@graph\":[{\"@type\":\"WebPage\",\"@id\":\"https:\\\/\\\/worldvision.org.ni\\\/reddeaprendizaje\\\/login\\\/\",\"url\":\"https:\\\/\\\/worldvision.org.ni\\\/reddeaprendizaje\\\/login\\\/\",\"name\":\"Login - Red de aprendizaje Unlock Literacy\",\"isPartOf\":{\"@id\":\"https:\\\/\\\/worldvision.org.ni\\\/reddeaprendizaje\\\/#website\"},\"datePublished\":\"2022-03-09T22:47:46+00:00\",\"dateModified\":\"2022-03-09T22:47:47+00:00\",\"breadcrumb\":{\"@id\":\"https:\\\/\\\/worldvision.org.ni\\\/reddeaprendizaje\\\/login\\\/#breadcrumb\"},\"inLanguage\":\"es\",\"potentialAction\":[{\"@type\":\"ReadAction\",\"target\":[\"https:\\\/\\\/worldvision.org.ni\\\/reddeaprendizaje\\\/login\\\/\"]}]},{\"@type\":\"BreadcrumbList\",\"@id\":\"https:\\\/\\\/worldvision.org.ni\\\/reddeaprendizaje\\\/login\\\/#breadcrumb\",\"itemListElement\":[{\"@type\":\"ListItem\",\"position\":1,\"name\":\"Home\",\"item\":\"https:\\\/\\\/worldvision.org.ni\\\/reddeaprendizaje\\\/\"},{\"@type\":\"ListItem\",\"position\":2,\"name\":\"Login\"}]},{\"@type\":\"WebSite\",\"@id\":\"https:\\\/\\\/worldvision.org.ni\\\/reddeaprendizaje\\\/#website\",\"url\":\"https:\\\/\\\/worldvision.org.ni\\\/reddeaprendizaje\\\/\",\"name\":\"Red de aprendizaje Unlock Literacy\",\"description\":\"Un espacio de interacci\u00f3n inclusivo para la creaci\u00f3n, innovaci\u00f3n y acompa\u00f1amiento en pro de mejores pr\u00e1cticas de ense\u00f1anza-aprendizaje de ni\u00f1as y ni\u00f1os en lectoescritura.\",\"publisher\":{\"@id\":\"https:\\\/\\\/worldvision.org.ni\\\/reddeaprendizaje\\\/#organization\"},\"potentialAction\":[{\"@type\":\"SearchAction\",\"target\":{\"@type\":\"EntryPoint\",\"urlTemplate\":\"https:\\\/\\\/worldvision.org.ni\\\/reddeaprendizaje\\\/?s={search_term_string}\"},\"query-input\":{\"@type\":\"PropertyValueSpecification\",\"valueRequired\":true,\"valueName\":\"search_term_string\"}}],\"inLanguage\":\"es\"},{\"@type\":\"Organization\",\"@id\":\"https:\\\/\\\/worldvision.org.ni\\\/reddeaprendizaje\\\/#organization\",\"name\":\"Red de aprendizaje Unlock Literacy\",\"url\":\"https:\\\/\\\/worldvision.org.ni\\\/reddeaprendizaje\\\/\",\"logo\":{\"@type\":\"ImageObject\",\"inLanguage\":\"es\",\"@id\":\"https:\\\/\\\/worldvision.org.ni\\\/reddeaprendizaje\\\/#\\\/schema\\\/logo\\\/image\\\/\",\"url\":\"https:\\\/\\\/i0.wp.com\\\/worldvision.org.ni\\\/reddeaprendizaje\\\/wp-content\\\/uploads\\\/2022\\\/03\\\/red-de-aprendizaje-UL.jpg?fit=500%2C500&ssl=1\",\"contentUrl\":\"https:\\\/\\\/i0.wp.com\\\/worldvision.org.ni\\\/reddeaprendizaje\\\/wp-content\\\/uploads\\\/2022\\\/03\\\/red-de-aprendizaje-UL.jpg?fit=500%2C500&ssl=1\",\"width\":500,\"height\":500,\"caption\":\"Red de aprendizaje Unlock Literacy\"},\"image\":{\"@id\":\"https:\\\/\\\/worldvision.org.ni\\\/reddeaprendizaje\\\/#\\\/schema\\\/logo\\\/image\\\/\"}}]}<\/script>\n<!-- \/ Yoast SEO plugin. -->","yoast_head_json":{"title":"Login - Red de aprendizaje Unlock Literacy","robots":{"index":"index","follow":"follow","max-snippet":"max-snippet:-1","max-image-preview":"max-image-preview:large","max-video-preview":"max-video-preview:-1"},"canonical":"https:\/\/worldvision.org.ni\/reddeaprendizaje\/login\/","og_locale":"es_ES","og_type":"article","og_title":"Login - Red de aprendizaje Unlock Literacy","og_url":"https:\/\/worldvision.org.ni\/reddeaprendizaje\/login\/","og_site_name":"Red de aprendizaje Unlock Literacy","article_modified_time":"2022-03-09T22:47:47+00:00","twitter_card":"summary_large_image","schema":{"@context":"https:\/\/schema.org","@graph":[{"@type":"WebPage","@id":"https:\/\/worldvision.org.ni\/reddeaprendizaje\/login\/","url":"https:\/\/worldvision.org.ni\/reddeaprendizaje\/login\/","name":"Login - Red de aprendizaje Unlock Literacy","isPartOf":{"@id":"https:\/\/worldvision.org.ni\/reddeaprendizaje\/#website"},"datePublished":"2022-03-09T22:47:46+00:00","dateModified":"2022-03-09T22:47:47+00:00","breadcrumb":{"@id":"https:\/\/worldvision.org.ni\/reddeaprendizaje\/login\/#breadcrumb"},"inLanguage":"es","potentialAction":[{"@type":"ReadAction","target":["https:\/\/worldvision.org.ni\/reddeaprendizaje\/login\/"]}]},{"@type":"BreadcrumbList","@id":"https:\/\/worldvision.org.ni\/reddeaprendizaje\/login\/#breadcrumb","itemListElement":[{"@type":"ListItem","position":1,"name":"Home","item":"https:\/\/worldvision.org.ni\/reddeaprendizaje\/"},{"@type":"ListItem","position":2,"name":"Login"}]},{"@type":"WebSite","@id":"https:\/\/worldvision.org.ni\/reddeaprendizaje\/#website","url":"https:\/\/worldvision.org.ni\/reddeaprendizaje\/","name":"Red de aprendizaje Unlock Literacy","description":"Un espacio de interacci\u00f3n inclusivo para la creaci\u00f3n, innovaci\u00f3n y acompa\u00f1amiento en pro de mejores pr\u00e1cticas de ense\u00f1anza-aprendizaje de ni\u00f1as y ni\u00f1os en lectoescritura.","publisher":{"@id":"https:\/\/worldvision.org.ni\/reddeaprendizaje\/#organization"},"potentialAction":[{"@type":"SearchAction","target":{"@type":"EntryPoint","urlTemplate":"https:\/\/worldvision.org.ni\/reddeaprendizaje\/?s={search_term_string}"},"query-input":{"@type":"PropertyValueSpecification","valueRequired":true,"valueName":"search_term_string"}}],"inLanguage":"es"},{"@type":"Organization","@id":"https:\/\/worldvision.org.ni\/reddeaprendizaje\/#organization","name":"Red de aprendizaje Unlock Literacy","url":"https:\/\/worldvision.org.ni\/reddeaprendizaje\/","logo":{"@type":"ImageObject","inLanguage":"es","@id":"https:\/\/worldvision.org.ni\/reddeaprendizaje\/#\/schema\/logo\/image\/","url":"https:\/\/i0.wp.com\/worldvision.org.ni\/reddeaprendizaje\/wp-content\/uploads\/2022\/03\/red-de-aprendizaje-UL.jpg?fit=500%2C500&ssl=1","contentUrl":"https:\/\/i0.wp.com\/worldvision.org.ni\/reddeaprendizaje\/wp-content\/uploads\/2022\/03\/red-de-aprendizaje-UL.jpg?fit=500%2C500&ssl=1","width":500,"height":500,"caption":"Red de aprendizaje Unlock Literacy"},"image":{"@id":"https:\/\/worldvision.org.ni\/reddeaprendizaje\/#\/schema\/logo\/image\/"}}]}},"jetpack_sharing_enabled":true,"_links":{"self":[{"href":"https:\/\/worldvision.org.ni\/reddeaprendizaje\/wp-json\/wp\/v2\/pages\/38","targetHints":{"allow":["GET"]}}],"collection":[{"href":"https:\/\/worldvision.org.ni\/reddeaprendizaje\/wp-json\/wp\/v2\/pages"}],"about":[{"href":"https:\/\/worldvision.org.ni\/reddeaprendizaje\/wp-json\/wp\/v2\/types\/page"}],"author":[{"embeddable":true,"href":"https:\/\/worldvision.org.ni\/reddeaprendizaje\/wp-json\/wp\/v2\/users\/1"}],"replies":[{"embeddable":true,"href":"https:\/\/worldvision.org.ni\/reddeaprendizaje\/wp-json\/wp\/v2\/comments?post=38"}],"version-history":[{"count":1,"href":"https:\/\/worldvision.org.ni\/reddeaprendizaje\/wp-json\/wp\/v2\/pages\/38\/revisions"}],"predecessor-version":[{"id":39,"href":"https:\/\/worldvision.org.ni\/reddeaprendizaje\/wp-json\/wp\/v2\/pages\/38\/revisions\/39"}],"wp:attachment":[{"href":"https:\/\/worldvision.org.ni\/reddeaprendizaje\/wp-json\/wp\/v2\/media?parent=38"}],"curies":[{"name":"wp","href":"https:\/\/api.w.org\/{rel}","templated":true}]}}